{"id":45,"date":"2018-11-20T10:21:01","date_gmt":"2018-11-20T09:21:01","guid":{"rendered":"https:\/\/thomaswilk.com\/wordpress\/?page_id=45"},"modified":"2018-12-03T21:23:42","modified_gmt":"2018-12-03T20:23:42","slug":"alexander-technik","status":"publish","type":"page","link":"https:\/\/maria-brinck.de\/?page_id=45","title":{"rendered":"Die Alexander-Technik"},"content":{"rendered":"\n<p>Die Alexander-Technik ist eine ganzheitliche K\u00f6rper-Geist Arbeit. Sie besch\u00e4ftigt sich mit unseren psycho-physischen Gewohnheiten, mit allt\u00e4glichen Reizen und unseren Reaktionen darauf. Oft reagieren wir im Alltag nur und nehmen die Verspannungen und Verk\u00fcrzungen in unserem K\u00f6rper erst wahr, wenn sie sich durch Schmerzen nicht weiter ignorieren lassen. Die AT bietet einen pr\u00e4ventiven und nachhaltigen Ansatz besser auf sich zu achten und sich selbst und Bed\u00fcrfnisse besser wahrzunehmen. Dies gilt f\u00fcr alle Bereiche unseres Lebens, egal ob beim Arbeiten am Schreibtisch, als Musiker, Sportler oder bei R\u00fcckenproblemen. Auch in besonderen Lebenslagen, wie einer Schwangerschaft oder bei Schonhaltungen durch Krankheit oder Schmerzen bietet die AT  wirksame Hilfe.<\/p>\n\n\n\n<ul class=\"wp-block-gallery columns-3 is-cropped wp-block-gallery-1 is-layout-flex wp-block-gallery-is-layout-flex\"><li class=\"blocks-gallery-item\"><figure><img loading=\"lazy\" decoding=\"async\" width=\"812\" height=\"1024\" src=\"https:\/\/maria-brinck.de\/wp-content\/uploads\/2018\/12\/FM-111-812x1024.jpg\" alt=\"\" data-id=\"320\" data-link=\"https:\/\/maria-brinck.de\/?attachment_id=320\" class=\"wp-image-320\" srcset=\"https:\/\/maria-brinck.de\/wp-content\/uploads\/2018\/12\/FM-111-812x1024.jpg 812w, https:\/\/maria-brinck.de\/wp-content\/uploads\/2018\/12\/FM-111-238x300.jpg 238w, https:\/\/maria-brinck.de\/wp-content\/uploads\/2018\/12\/FM-111-768x968.jpg 768w\" sizes=\"auto, (max-width: 812px) 100vw, 812px\" \/><\/figure><\/li><li class=\"blocks-gallery-item\"><figure><img loading=\"lazy\" decoding=\"async\" width=\"704\" height=\"1024\" src=\"https:\/\/maria-brinck.de\/wp-content\/uploads\/2018\/12\/FM-304-704x1024.jpg\" alt=\"\" data-id=\"323\" data-link=\"https:\/\/maria-brinck.de\/?attachment_id=323\" class=\"wp-image-323\" srcset=\"https:\/\/maria-brinck.de\/wp-content\/uploads\/2018\/12\/FM-304-704x1024.jpg 704w, https:\/\/maria-brinck.de\/wp-content\/uploads\/2018\/12\/FM-304-206x300.jpg 206w, https:\/\/maria-brinck.de\/wp-content\/uploads\/2018\/12\/FM-304-768x1117.jpg 768w\" sizes=\"auto, (max-width: 704px) 100vw, 704px\" \/><\/figure><\/li><li class=\"blocks-gallery-item\"><figure><img loading=\"lazy\" decoding=\"async\" width=\"709\" height=\"997\" src=\"https:\/\/maria-brinck.de\/wp-content\/uploads\/2018\/12\/FM331.jpg\" alt=\"\" data-id=\"324\" data-link=\"https:\/\/maria-brinck.de\/?attachment_id=324\" class=\"wp-image-324\" srcset=\"https:\/\/maria-brinck.de\/wp-content\/uploads\/2018\/12\/FM331.jpg 709w, https:\/\/maria-brinck.de\/wp-content\/uploads\/2018\/12\/FM331-213x300.jpg 213w\" sizes=\"auto, (max-width: 709px) 100vw, 709px\" \/><\/figure><\/li><\/ul>\n\n\n\n<blockquote class=\"wp-block-quote is-layout-flow wp-block-quote-is-layout-flow\"><p>Wenn wir aufh\u00f6ren das Falsche zu tun, geschieht das Richtige von ganz allein.<br><\/p><cite>F.M. Alexander<br><\/cite><\/blockquote>\n\n\n\n<div class=\"wp-block-columns has-2-columns is-layout-flex wp-container-core-columns-is-layout-9d6595d7 wp-block-columns-is-layout-flex\"><\/div>\n\n\n\n<p><br><\/p>\n\n\n\n<p>Weitere Informationen und eine Biographie Alexanders finden Sie <a rel=\"noreferrer noopener\" aria-label=\"Weitere Informationen finden Sie hier\n (\u00f6ffnet in neuem Tab)\" href=\"http:\/\/www.alexander-technik.org\" target=\"_blank\">hier.<\/a><br><\/p>\n","protected":false},"excerpt":{"rendered":"<p>Die Alexander-Technik ist eine ganzheitliche K\u00f6rper-Geist Arbeit. Sie besch\u00e4ftigt sich mit unseren psycho-physischen Gewohnheiten, mit allt\u00e4glichen Reizen und unseren Reaktionen darauf. Oft reagieren wir im Alltag nur und nehmen die Verspannungen und Verk\u00fcrzungen in unserem K\u00f6rper erst wahr, wenn sie <a href=\"https:\/\/maria-brinck.de\/?page_id=45\" class=\"more-link\">Read More<\/a><\/p>\n","protected":false},"author":2,"featured_media":0,"parent":0,"menu_order":0,"comment_status":"closed","ping_status":"closed","template":"","meta":{"footnotes":""},"class_list":["post-45","page","type-page","status-publish","hentry"],"_links":{"self":[{"href":"https:\/\/maria-brinck.de\/index.php?rest_route=\/wp\/v2\/pages\/45","targetHints":{"allow":["GET"]}}],"collection":[{"href":"https:\/\/maria-brinck.de\/index.php?rest_route=\/wp\/v2\/pages"}],"about":[{"href":"https:\/\/maria-brinck.de\/index.php?rest_route=\/wp\/v2\/types\/page"}],"author":[{"embeddable":true,"href":"https:\/\/maria-brinck.de\/index.php?rest_route=\/wp\/v2\/users\/2"}],"replies":[{"embeddable":true,"href":"https:\/\/maria-brinck.de\/index.php?rest_route=%2Fwp%2Fv2%2Fcomments&post=45"}],"version-history":[{"count":9,"href":"https:\/\/maria-brinck.de\/index.php?rest_route=\/wp\/v2\/pages\/45\/revisions"}],"predecessor-version":[{"id":215,"href":"https:\/\/maria-brinck.de\/index.php?rest_route=\/wp\/v2\/pages\/45\/revisions\/215"}],"wp:attachment":[{"href":"https:\/\/maria-brinck.de\/index.php?rest_route=%2Fwp%2Fv2%2Fmedia&parent=45"}],"curies":[{"name":"wp","href":"https:\/\/api.w.org\/{rel}","templated":true}]}}