{"id":48,"date":"2018-11-20T10:27:08","date_gmt":"2018-11-20T09:27:08","guid":{"rendered":"https:\/\/thomaswilk.com\/wordpress\/?page_id=48"},"modified":"2018-11-27T12:17:17","modified_gmt":"2018-11-27T11:17:17","slug":"musik","status":"publish","type":"page","link":"https:\/\/maria-brinck.de\/?page_id=48","title":{"rendered":"Musik"},"content":{"rendered":"\n<p>Durch meinen sowohl klassischen als auch folkigen Hintergrund verstehe ich mich als Allround-Musikerin. Egal ob Unterricht oder Konzerte bis hin zur musikalischen Umrahmung von Veranstaltungen wie z.B. Hochzeiten k\u00f6nnen Sie mich kontaktieren.<\/p>\n\n\n\n<div class=\"wp-block-columns has-2-columns is-layout-flex wp-container-core-columns-is-layout-9d6595d7 wp-block-columns-is-layout-flex\">\n<div class=\"wp-block-column is-layout-flow wp-block-column-is-layout-flow\">\n<figure class=\"wp-block-image\"><img loading=\"lazy\" decoding=\"async\" width=\"4287\" height=\"2857\" src=\"https:\/\/maria-brinck.de\/wp-content\/uploads\/2018\/11\/DSC_5252-2.jpg\" alt=\"\" class=\"wp-image-274\" srcset=\"https:\/\/maria-brinck.de\/wp-content\/uploads\/2018\/11\/DSC_5252-2.jpg 4287w, https:\/\/maria-brinck.de\/wp-content\/uploads\/2018\/11\/DSC_5252-2-300x200.jpg 300w, https:\/\/maria-brinck.de\/wp-content\/uploads\/2018\/11\/DSC_5252-2-768x512.jpg 768w, https:\/\/maria-brinck.de\/wp-content\/uploads\/2018\/11\/DSC_5252-2-1024x682.jpg 1024w\" sizes=\"auto, (max-width: 4287px) 100vw, 4287px\" \/><\/figure>\n<\/div>\n\n\n\n<div class=\"wp-block-column is-layout-flow wp-block-column-is-layout-flow\">\n<figure class=\"wp-block-image\"><img loading=\"lazy\" decoding=\"async\" width=\"5366\" height=\"3582\" src=\"https:\/\/maria-brinck.de\/wp-content\/uploads\/2018\/11\/Fabrik_2017-83-von-261.jpg\" alt=\"\" class=\"wp-image-272\" srcset=\"https:\/\/maria-brinck.de\/wp-content\/uploads\/2018\/11\/Fabrik_2017-83-von-261.jpg 5366w, https:\/\/maria-brinck.de\/wp-content\/uploads\/2018\/11\/Fabrik_2017-83-von-261-300x200.jpg 300w, https:\/\/maria-brinck.de\/wp-content\/uploads\/2018\/11\/Fabrik_2017-83-von-261-768x513.jpg 768w, https:\/\/maria-brinck.de\/wp-content\/uploads\/2018\/11\/Fabrik_2017-83-von-261-1024x684.jpg 1024w\" sizes=\"auto, (max-width: 5366px) 100vw, 5366px\" \/><\/figure>\n<\/div>\n<\/div>\n\n\n\n<p>In meinem Unterricht lege ich Wert auf Spa\u00df am Instrument und individuelle F\u00f6rderung nach K\u00f6nnen und Talent meiner Sch\u00fcler. <br>Neben dem Erlernen von Musiktheorie sowie Technik am Instrument ist mir Kreativit\u00e4t und auch das Lernen nach Geh\u00f6r wichtig, sowohl bei klassischer Ausbildung als auch bei der irischen Musik.<br>Hierbei ist der Einsatz und Hilfestellung moderner Medien f\u00fcr mich unerl\u00e4sslich.<\/p>\n\n\n\n<p><br><\/p>\n\n\n\n<p><br><\/p>\n\n\n\n<p><br><\/p>\n","protected":false},"excerpt":{"rendered":"<p>Durch meinen sowohl klassischen als auch folkigen Hintergrund verstehe ich mich als Allround-Musikerin. Egal ob Unterricht oder Konzerte bis hin zur musikalischen Umrahmung von Veranstaltungen wie z.B. Hochzeiten k\u00f6nnen Sie mich kontaktieren. In meinem Unterricht lege ich Wert auf Spa\u00df <a href=\"https:\/\/maria-brinck.de\/?page_id=48\" class=\"more-link\">Read More<\/a><\/p>\n","protected":false},"author":2,"featured_media":0,"parent":0,"menu_order":0,"comment_status":"closed","ping_status":"closed","template":"","meta":{"footnotes":""},"class_list":["post-48","page","type-page","status-publish","hentry"],"_links":{"self":[{"href":"https:\/\/maria-brinck.de\/index.php?rest_route=\/wp\/v2\/pages\/48","targetHints":{"allow":["GET"]}}],"collection":[{"href":"https:\/\/maria-brinck.de\/index.php?rest_route=\/wp\/v2\/pages"}],"about":[{"href":"https:\/\/maria-brinck.de\/index.php?rest_route=\/wp\/v2\/types\/page"}],"author":[{"embeddable":true,"href":"https:\/\/maria-brinck.de\/index.php?rest_route=\/wp\/v2\/users\/2"}],"replies":[{"embeddable":true,"href":"https:\/\/maria-brinck.de\/index.php?rest_route=%2Fwp%2Fv2%2Fcomments&post=48"}],"version-history":[{"count":6,"href":"https:\/\/maria-brinck.de\/index.php?rest_route=\/wp\/v2\/pages\/48\/revisions"}],"predecessor-version":[{"id":277,"href":"https:\/\/maria-brinck.de\/index.php?rest_route=\/wp\/v2\/pages\/48\/revisions\/277"}],"wp:attachment":[{"href":"https:\/\/maria-brinck.de\/index.php?rest_route=%2Fwp%2Fv2%2Fmedia&parent=48"}],"curies":[{"name":"wp","href":"https:\/\/api.w.org\/{rel}","templated":true}]}}