{"id":5,"date":"2018-11-14T10:38:45","date_gmt":"2018-11-14T09:38:45","guid":{"rendered":"https:\/\/thomaswilk.com\/wordpress\/?page_id=5"},"modified":"2021-05-31T09:27:49","modified_gmt":"2021-05-31T07:27:49","slug":"maria-brinck-geige-und-alexander-technik-in-seesen","status":"publish","type":"page","link":"https:\/\/maria-brinck.de\/","title":{"rendered":"Willkommen\/Aktuelles"},"content":{"rendered":"\n<p>Willkommen auf meiner Seite Maria Brinck &#8211; Geige und Alexander-Technik in Seesen. <br>Anfragen und Termine bitte an <a href=\"kontakt@maria-brinck.de\">kontakt@maria-brinck.de<\/a>.<br><br>Die Adresse des Unterrichtsortes hat sich ge\u00e4ndert! Der Unterricht findet jetzt in den R\u00e4umlichkeiten der Logop\u00e4die Praxis Susanne von der Ehe in der <strong>Poststra\u00dfe 10 in Seesen<\/strong> statt.<\/p>\n\n\n\n<div style=\"height:39px\" aria-hidden=\"true\" class=\"wp-block-spacer\"><\/div>\n\n\n\n<p style=\"font-size:41px;text-align:center\"><strong>Aktuelles&nbsp;und&nbsp;zu&nbsp;Corona<\/strong><\/p>\n\n\n\n<div style=\"height:20px\" aria-hidden=\"true\" class=\"wp-block-spacer\"><\/div>\n\n\n\n<p style=\"text-align:center\"><br>Erfreulicherweise liegen die Inzidenzen im Landkreis Goslar in Bereichen, die weiterhin Einzelunterricht erm\u00f6glichen. Es k\u00f6nnen also weiterhin Einzelstunden gebucht werden. Die Hygienevorschriften werden selbstverst\u00e4ndlich eingehalten.<br><br>Durch meine musikalische Arbeit in Kinderg\u00e4rten durfte ich schon geimpft werden und werde ab Juni vollst\u00e4ndigen Impfschutz haben.<\/p>\n\n\n\n<p style=\"text-align:center\"><br><strong>Informationen zu den Kursen der VHS:<\/strong><br><br>Ich hoffe sehr, dass der AT-Kurs ab Juni in Goslar stattfinden k\u00f6nnen:<br><br><strong>Alexander-Technik Kurs \u00fcber 6 Wochen:\u00a0&#8211;\u00a0LEIDER ABGESAGT<\/strong><br>Montags, ab 07.06.2021 17-18:30 Uhr in Goslar, BBS Stadtgarten<br><br><strong>Alexander-Technik Intensiv-Workshop Wochenende:<\/strong><br>von Freitag, 09.07.2021 bis Sonntag, 11.07.2021 in Goslar, BBS Ba\u00dfgeige<br><br>Weitere Infos und Anmeldung direkt bei der <a rel=\"noreferrer noopener\" aria-label=\"VHS Goslar (\u00f6ffnet in neuem Tab)\" href=\"https:\/\/www.vhs-goslar.de\/\" target=\"_blank\">VHS Goslar<\/a>.<\/p>\n\n\n\n<p style=\"text-align:center\"><br>Ich bitte alle Interessenten sich bitte trotzdem anzumelden, da dies Aufschluss \u00fcber das allgemeine Interesse an den Alexander-Technik-Kursen gibt und somit auch dazu beitr\u00e4gt eine verl\u00e4ssliche Planung f\u00fcr die n\u00e4chsten Semester zu gew\u00e4hrleisten.<\/p>\n\n\n\n<p style=\"text-align:center\">Es sind weitere Workshops in Kooperation mit der VHS Goslar f\u00fcr das Herbst\/Winter Programm 2021\/22 in Planung.<br><br><\/p>\n\n\n\n<p style=\"text-align:center\"><br><\/p>\n\n\n\n<p><br><\/p>\n","protected":false},"excerpt":{"rendered":"<p>Willkommen auf meiner Seite Maria Brinck &#8211; Geige und Alexander-Technik in Seesen. Anfragen und Termine bitte an kontakt@maria-brinck.de. Die Adresse des Unterrichtsortes hat sich ge\u00e4ndert! Der Unterricht findet jetzt in den R\u00e4umlichkeiten der Logop\u00e4die Praxis Susanne von der Ehe in <a href=\"https:\/\/maria-brinck.de\/\" class=\"more-link\">Read More<\/a><\/p>\n","protected":false},"author":2,"featured_media":0,"parent":0,"menu_order":0,"comment_status":"closed","ping_status":"closed","template":"","meta":{"footnotes":""},"class_list":["post-5","page","type-page","status-publish","hentry"],"_links":{"self":[{"href":"https:\/\/maria-brinck.de\/index.php?rest_route=\/wp\/v2\/pages\/5","targetHints":{"allow":["GET"]}}],"collection":[{"href":"https:\/\/maria-brinck.de\/index.php?rest_route=\/wp\/v2\/pages"}],"about":[{"href":"https:\/\/maria-brinck.de\/index.php?rest_route=\/wp\/v2\/types\/page"}],"author":[{"embeddable":true,"href":"https:\/\/maria-brinck.de\/index.php?rest_route=\/wp\/v2\/users\/2"}],"replies":[{"embeddable":true,"href":"https:\/\/maria-brinck.de\/index.php?rest_route=%2Fwp%2Fv2%2Fcomments&post=5"}],"version-history":[{"count":39,"href":"https:\/\/maria-brinck.de\/index.php?rest_route=\/wp\/v2\/pages\/5\/revisions"}],"predecessor-version":[{"id":638,"href":"https:\/\/maria-brinck.de\/index.php?rest_route=\/wp\/v2\/pages\/5\/revisions\/638"}],"wp:attachment":[{"href":"https:\/\/maria-brinck.de\/index.php?rest_route=%2Fwp%2Fv2%2Fmedia&parent=5"}],"curies":[{"name":"wp","href":"https:\/\/api.w.org\/{rel}","templated":true}]}}