{"id":52,"date":"2018-11-20T10:27:01","date_gmt":"2018-11-20T09:27:01","guid":{"rendered":"https:\/\/thomaswilk.com\/wordpress\/?page_id=52"},"modified":"2021-05-03T10:22:59","modified_gmt":"2021-05-03T08:22:59","slug":"impressum","status":"publish","type":"page","link":"https:\/\/maria-brinck.de\/?page_id=52","title":{"rendered":"Impressum\/Datenschutz"},"content":{"rendered":"\n<div style=\"height:47px\" aria-hidden=\"true\" class=\"wp-block-spacer\"><\/div>\n\n\n\n<p>Der Unterricht findet in den R\u00e4umlichkeiten der Logop\u00e4die Praxis Susanne von der Ehe in der<strong> Poststra\u00dfe 10 in Seesen <\/strong>statt.<\/p>\n\n\n\n<div style=\"height:100px\" aria-hidden=\"true\" class=\"wp-block-spacer\"><\/div>\n\n\n\n<p>Maria Brinck<br>Lehrerin der F.M. Alexander-Technik<br>Bachelor of Arts in Irish Music and Dance<br>Albert-Schweitzer-Stra\u00dfe 13<br>38723 Seesen<br><br>kontakt@maria-brinck.de<br>0151 75023035<br><br><\/p>\n\n\n\n<p>Mitglied im:<br><\/p>\n\n\n\n<div class=\"wp-block-columns has-2-columns is-layout-flex wp-container-core-columns-is-layout-9d6595d7 wp-block-columns-is-layout-flex\">\n<div class=\"wp-block-column is-layout-flow wp-block-column-is-layout-flow\">\n<figure class=\"wp-block-image\"><a href=\"https:\/\/www.alexander-technik.org\/\"><img loading=\"lazy\" decoding=\"async\" width=\"108\" height=\"68\" src=\"https:\/\/maria-brinck.de\/wp-content\/uploads\/2018\/11\/mitglied-im-atvd-mini.jpg\" alt=\"\" class=\"wp-image-231\"\/><\/a><\/figure>\n\n\n\n<p><br><\/p>\n<\/div>\n\n\n\n<div class=\"wp-block-column is-layout-flow wp-block-column-is-layout-flow\">\n<div class=\"wp-block-columns has-2-columns is-layout-flex wp-container-core-columns-is-layout-9d6595d7 wp-block-columns-is-layout-flex\">\n<div class=\"wp-block-column is-layout-flow wp-block-column-is-layout-flow\">\n<figure class=\"wp-block-image\"><a href=\"http:\/\/dtkv.net\/ORG\/\"><img loading=\"lazy\" decoding=\"async\" width=\"1195\" height=\"837\" src=\"https:\/\/maria-brinck.de\/wp-content\/uploads\/2018\/11\/dtkv-gro\u00df.png\" alt=\"\" class=\"wp-image-232\" srcset=\"https:\/\/maria-brinck.de\/wp-content\/uploads\/2018\/11\/dtkv-gro\u00df.png 1195w, https:\/\/maria-brinck.de\/wp-content\/uploads\/2018\/11\/dtkv-gro\u00df-300x210.png 300w, https:\/\/maria-brinck.de\/wp-content\/uploads\/2018\/11\/dtkv-gro\u00df-768x538.png 768w, https:\/\/maria-brinck.de\/wp-content\/uploads\/2018\/11\/dtkv-gro\u00df-1024x717.png 1024w\" sizes=\"auto, (max-width: 1195px) 100vw, 1195px\" \/><\/a><\/figure>\n<\/div>\n\n\n\n<div class=\"wp-block-column is-layout-flow wp-block-column-is-layout-flow\"><\/div>\n<\/div>\n<\/div>\n<\/div>\n\n\n\n<p>Bildquellen: <br>Portrait &#8211; Ralf Hiemisch <a rel=\"noreferrer noopener\" aria-label=\"Bildquellen: Portrait - Ralf Hiemisch https:\/\/www.ralfhiemisch.de\/\n\n (\u00f6ffnet in neuem Tab)\" href=\"https:\/\/www.ralfhiemisch.de\/\" target=\"_blank\">https:\/\/www.ralfhiemisch.de\/<\/a><br>Fotos von Alexander &#8211; <em>Photograph of F.M. Alexander \u00a9 2016, The Society of Teachers of the Alexander Technique, London<\/em><br>Live-Fotografien &#8211; Jens Blechner<br>Alle anderen Fotos von privat.<\/p>\n\n\n\n<h2 class=\"wp-block-heading\">Haftungsausschluss\n(Disclaimer)<\/h2>\n\n\n\n<h3 class=\"wp-block-heading\"><strong>Haftung f\u00fcr Inhalte<\/strong><\/h3>\n\n\n\n<p>Als Diensteanbieter bin ich gem\u00e4\u00df \u00a7 7 Abs.1 TMG f\u00fcr eigene\nInhalte auf diesen Seiten nach den allgemeinen Gesetzen\nverantwortlich. Nach \u00a7\u00a7 8 bis 10 TMG bin ich als Diensteanbieter\njedoch nicht verpflichtet, \u00fcbermittelte oder gespeicherte fremde\nInformationen zu \u00fcberwachen oder nach Umst\u00e4nden zu forschen, die\nauf eine rechtswidrige T\u00e4tigkeit hinweisen. Verpflichtungen zur\nEntfernung oder Sperrung der Nutzung von Informationen nach den\nallgemeinen Gesetzen bleiben hiervon unber\u00fchrt. Eine diesbez\u00fcgliche\nHaftung ist jedoch erst ab dem Zeitpunkt der Kenntnis einer konkreten\nRechtsverletzung m\u00f6glich. Bei Bekanntwerden von entsprechenden\nRechtsverletzungen werde ich diese Inhalte umgehend entfernen.<\/p>\n\n\n\n<h3 class=\"wp-block-heading\"><strong>Haftung f\u00fcr Links<\/strong><\/h3>\n\n\n\n<p>Mein Angebot enth\u00e4lt Links zu externen Webseiten Dritter, auf\nderen Inhalte ich keinen Einfluss habe. Deshalb kann ich f\u00fcr diese\nfremden Inhalte auch keine Gew\u00e4hr \u00fcbernehmen. F\u00fcr die Inhalte der\nverlinkten Seiten ist stets der jeweilige Anbieter oder Betreiber der\nSeiten verantwortlich. Die verlinkten Seiten wurden zum Zeitpunkt der\nVerlinkung auf m\u00f6gliche Rechtsverst\u00f6\u00dfe \u00fcberpr\u00fcft. Rechtswidrige\nInhalte waren zum Zeitpunkt der Verlinkung nicht erkennbar. Eine\npermanente inhaltliche Kontrolle der verlinkten Seiten ist jedoch\nohne konkrete Anhaltspunkte einer Rechtsverletzung nicht zumutbar.\nBei Bekanntwerden von Rechtsverletzungen werde ich derartige Links\numgehend entfernen.<\/p>\n\n\n\n<h3 class=\"wp-block-heading\"><strong>Urheberrecht<\/strong><\/h3>\n\n\n\n<p>Die durch die Seitenbetreiber erstellten Inhalte und Werke auf\ndiesen Seiten unterliegen dem deutschen Urheberrecht. Die\nVervielf\u00e4ltigung, Bearbeitung, Verbreitung und jede Art der\nVerwertung au\u00dferhalb der Grenzen des Urheberrechtes bed\u00fcrfen der\nschriftlichen Zustimmung des jeweiligen Autors bzw. Erstellers.\nDownloads und Kopien dieser Seite sind nur f\u00fcr den privaten, nicht\nkommerziellen Gebrauch gestattet. Soweit die Inhalte auf dieser Seite\nnicht vom Betreiber erstellt wurden, werden die Urheberrechte Dritter\nbeachtet. Insbesondere werden Inhalte Dritter als solche\ngekennzeichnet. Sollten Sie trotzdem auf eine Urheberrechtsverletzung\naufmerksam werden, bitte ich um einen entsprechenden Hinweis. Bei\nBekanntwerden von Rechtsverletzungen werde ich derartige Inhalte\numgehend entfernen.<\/p>\n\n\n\n<h3 class=\"wp-block-heading\"><strong>Bildmaterial<\/strong><\/h3>\n\n\n\n<p>Die verwendeten Fotos sind \u2013 wenn nicht anders angegeben \u2013\nurheberrechtlich gesch\u00fctzt.<\/p>\n\n\n\n<h4 class=\"wp-block-heading\">Bildquellen: \n<\/h4>\n\n\n\n<p>Portrait \u2013 Ralf Hiemisch <a href=\"https:\/\/www.ralfhiemisch.de\/\" target=\"_blank\" rel=\"noreferrer noopener\">https:\/\/www.ralfhiemisch.de\/<\/a><br>\nFotos\nvon Alexander \u2013 <em>Photograph of F.M. Alexander \u00a9 2016, The\nSociety of Teachers of the Alexander Technique,\nLondon<\/em><br>\nLive-Fotografien \u2013 Jens Blechner<br>\nAlle anderen\nFotos von privat. \n<\/p>\n\n\n\n<p><br><\/p>\n\n\n\n<h2 class=\"wp-block-heading\">Datenschutzerkl\u00e4rung<\/h2>\n\n\n\n<p>Verantwortliche Stelle im Sinne der Datenschutzgesetze,\ninsbesondere der EU-Datenschutzgrundverordnung (DSGVO), ist:<\/p>\n\n\n\n<p>Maria Brinck <br>\nLehrerin der F.M. Alexander-Technik <br>\nBachelor\nof Arts in Irish Music and Dance <br>\nGartenstra\u00dfe 6 <br>\n38723\nSeesen <br>\n<br>\nkontakt@maria-brinck.de <br>\n0151 75023035<\/p>\n\n\n\n<h3 class=\"wp-block-heading\"><strong>Ihre Betroffenenrechte<\/strong><\/h3>\n\n\n\n<p>Unter den angegebenen Kontaktdaten unseres Datenschutzbeauftragten\nk\u00f6nnen Sie jederzeit folgende Rechte aus\u00fcben:<\/p>\n\n\n\n<ul class=\"wp-block-list\"><li>\nAuskunft \u00fcber Ihre bei uns\n\tgespeicherten Daten und deren Verarbeitung (Art. 15 DSGVO), \n\t\n\t<\/li><li>\nBerichtigung unrichtiger\n\tpersonenbezogener Daten (Art. 16 DSGVO), \n\t\n\t<\/li><li>\nL\u00f6schung Ihrer bei uns\n\tgespeicherten Daten (Art. 17 DSGVO), \n\t\n\t<\/li><li>\nEinschr\u00e4nkung der\n\tDatenverarbeitung, sofern wir Ihre Daten aufgrund gesetzlicher\n\tPflichten noch nicht l\u00f6schen d\u00fcrfen (Art. 18 DSGVO), \n\t\n\t<\/li><li>\nWiderspruch gegen die\n\tVerarbeitung Ihrer Daten bei uns (Art. 21 DSGVO) und \n\t\n\t<\/li><li>\nDaten\u00fcbertragbarkeit, sofern Sie in die Datenverarbeitung\n\teingewilligt haben oder einen Vertrag mit uns abgeschlossen haben\n\t(Art. 20 DSGVO). \n\t\n<\/li><\/ul>\n\n\n\n<p>Sofern Sie uns eine Einwilligung erteilt haben, k\u00f6nnen Sie diese\njederzeit mit Wirkung f\u00fcr die Zukunft widerrufen.<\/p>\n\n\n\n<p>Sie k\u00f6nnen sich jederzeit mit einer Beschwerde an eine\nAufsichtsbeh\u00f6rde wenden, z. B. an die zust\u00e4ndige Aufsichtsbeh\u00f6rde\ndes Bundeslands Ihres Wohnsitzes oder an die f\u00fcr uns als\nverantwortliche Stelle zust\u00e4ndige Beh\u00f6rde.<\/p>\n\n\n\n<p>Eine Liste der Aufsichtsbeh\u00f6rden (f\u00fcr den nicht\u00f6ffentlichen\nBereich) mit Anschrift finden Sie unter:\n<a href=\"https:\/\/www.bfdi.bund.de\/DE\/Infothek\/Anschriften_Links\/anschriften_links-node.html\">https:\/\/www.bfdi.bund.de\/DE\/Infothek\/Anschriften_Links\/anschriften_links-node.html<\/a>.<\/p>\n\n\n\n<h3 class=\"wp-block-heading\"><strong>Welche personenbezogenen Daten gesammelt werden und warum<\/strong><\/h3>\n\n\n\n<h4 class=\"wp-block-heading\"><strong>Kommentare<\/strong><\/h4>\n\n\n\n<p>Wenn Besucher Kommentare auf der Website schreiben, sammeln wir\ndie Daten, die im Kommentar-Formular angezeigt werden, au\u00dferdem die\nIP-Adresse des Besuchers und den User-Agent-String (damit wird der\nBrowser identifiziert), um die Erkennung von Spam zu unterst\u00fctzen.<\/p>\n\n\n\n<p>Aus Ihrer E-Mail-Adresse kann eine anonymisierte Zeichenfolge\nerstellt (auch Hash genannt) und dem Gravatar-Dienst \u00fcbergeben\nwerden, um zu pr\u00fcfen, ob Sie diesen benutzen. Die\nDatenschutzerkl\u00e4rung des Gravatar-Dienstes finden Sie hier:\nhttps:\/\/automattic.com\/privacy\/. Nachdem Ihr Kommentar freigegeben\nwurde, ist Ihr Profilbild \u00f6ffentlich im Kontext Ihres Kommentars\nsichtbar.<\/p>\n\n\n\n<h4 class=\"wp-block-heading\"><strong>Medien<\/strong><\/h4>\n\n\n\n<p>Wenn Sie ein registrierter Benutzer sind und Fotos auf diese\nWebsite laden, sollten Sie vermeiden, Fotos mit einem\nEXIF-GPS-Standort hochzuladen. Besucher dieser Website k\u00f6nnten\nFotos, die auf dieser Website gespeichert sind, herunterladen und\nderen Standort-Informationen extrahieren.<\/p>\n\n\n\n<h3 class=\"wp-block-heading\"><strong>Kontaktformular<\/strong><\/h3>\n\n\n\n<h4 class=\"wp-block-heading\"><strong>Art und Zweck der Verarbeitung:<\/strong><\/h4>\n\n\n\n<p>Die von Ihnen eingegebenen Daten werden zum Zweck der\nindividuellen Kommunikation mit Ihnen gespeichert. Hierf\u00fcr ist die\nAngabe einer validen E-Mail-Adresse sowie Ihres Namens erforderlich.\nDiese dient der Zuordnung der Anfrage und der anschlie\u00dfenden\nBeantwortung derselben. Die Angabe weiterer Daten ist optional.<\/p>\n\n\n\n<h4 class=\"wp-block-heading\"><strong>Rechtsgrundlage:<\/strong><\/h4>\n\n\n\n<p>Die Verarbeitung der in das Kontaktformular eingegebenen Daten\nerfolgt auf der Grundlage eines berechtigten Interesses (Art. 6 Abs.\n1 lit. f DSGVO).<\/p>\n\n\n\n<p>Durch Bereitstellung des Kontaktformulars m\u00f6chten wir Ihnen eine\nunkomplizierte Kontaktaufnahme erm\u00f6glichen. Ihre gemachten Angaben\nwerden zum Zwecke der Bearbeitung der Anfrage sowie f\u00fcr m\u00f6gliche\nAnschlussfragen gespeichert.<\/p>\n\n\n\n<p>Sofern Sie mit uns Kontakt aufnehmen, um ein Angebot zu erfragen,\nerfolgt die Verarbeitung der in das Kontaktformular eingegebenen\nDaten zur Durchf\u00fchrung vorvertraglicher Ma\u00dfnahmen (Art. 6 Abs. 1\nlit. b DSGVO).<\/p>\n\n\n\n<h4 class=\"wp-block-heading\"><strong>Empf\u00e4nger:<\/strong><\/h4>\n\n\n\n<p>Empf\u00e4nger der Daten sind ggf. Auftragsverarbeiter.<\/p>\n\n\n\n<h4 class=\"wp-block-heading\"><strong>Speicherdauer:<\/strong><\/h4>\n\n\n\n<p>Daten werden sp\u00e4testens 6 Monate nach Bearbeitung der Anfrage\ngel\u00f6scht.<\/p>\n\n\n\n<p>Sofern es zu einem Vertragsverh\u00e4ltnis kommt, unterliegen wir den\ngesetzlichen Aufbewahrungsfristen nach HGB und l\u00f6schen Ihre Daten\nnach Ablauf dieser Fristen. \n<\/p>\n\n\n\n<h4 class=\"wp-block-heading\"><strong>Bereitstellung vorgeschrieben oder erforderlich:<\/strong><\/h4>\n\n\n\n<p>Die Bereitstellung Ihrer personenbezogenen Daten erfolgt\nfreiwillig. Wir k\u00f6nnen Ihre Anfrage jedoch nur bearbeiten, sofern\nSie uns Ihren Namen, Ihre E-Mail-Adresse und den Grund der Anfrage\nmitteilen.<\/p>\n\n\n\n<h4 class=\"wp-block-heading\"><strong>Kontaktformulare <br>Cookies<\/strong><\/h4>\n\n\n\n<p>Wenn Sie einen Kommentar auf unserer Website schreiben, kann das\neine Einwilligung sein, Ihren Namen, E-Mail-Adresse und Website in\nCookies zu speichern. Dies ist eine Komfortfunktion, damit Sie nicht,\nwenn Sie einen weiteren Kommentar schreiben, all diese Daten erneut\neingeben m\u00fcssen. Diese Cookies werden ein Jahr lang gespeichert.<\/p>\n\n\n\n<p>Falls Sie ein Konto haben und sich auf dieser Website anmelden,\nwerden wir ein tempor\u00e4res Cookie setzen, um festzustellen, ob Ihr\nBrowser Cookies akzeptiert. Dieses Cookie enth\u00e4lt keine\npersonenbezogenen Daten und wird verworfen, wenn Sie Ihren Browser\nschlie\u00dfen.<\/p>\n\n\n\n<p>Wenn Sie sich anmelden, werden wir einige Cookies einrichten, um\nIhre Anmeldeinformationen und Anzeigeoptionen zu speichern.\nAnmelde-Cookies verfallen nach zwei Tagen und Cookies f\u00fcr die\nAnzeigeoptionen nach einem Jahr. Falls Sie bei der Anmeldung\n\u201eAngemeldet bleiben\u201c ausw\u00e4hlen, wird Ihre Anmeldung zwei Wochen\nlang aufrechterhalten. Mit der Abmeldung aus Ihrem Konto werden die\nAnmelde-Cookies gel\u00f6scht.<\/p>\n\n\n\n<p>Wenn Sie einen Artikel bearbeiten oder ver\u00f6ffentlichen, wird ein\nzus\u00e4tzlicher Cookie in Ihrem Browser gespeichert. Dieser Cookie\nenth\u00e4lt keine personenbezogenen Daten und verweist nur auf die\nBeitrags-ID des Artikels, den Sie gerade bearbeitet haben. Der Cookie\nverf\u00e4llt nach einem Tag.<\/p>\n\n\n\n<h4 class=\"wp-block-heading\"><strong>Eingebettete Inhalte von anderen Websites<\/strong><\/h4>\n\n\n\n<p>Beitr\u00e4ge auf dieser Website k\u00f6nnen eingebettete Inhalte\nbeinhalten (z.&nbsp;B. Videos, Bilder, Beitr\u00e4ge etc.). Eingebettete\nInhalte von anderen Websites verhalten sich exakt so, als ob der\nBesucher die andere Website besucht h\u00e4tte.<\/p>\n\n\n\n<p>Diese Websites k\u00f6nnen Daten \u00fcber Sie sammeln, Cookies benutzen,\nzus\u00e4tzliche Tracking-Dienste von Dritten einbetten und Ihre\nInteraktion mit diesem eingebetteten Inhalt aufzeichnen, inklusive\nIhrer Interaktion mit dem eingebetteten Inhalt, falls Sie ein Konto\nhaben und auf dieser Website angemeldet sind.<\/p>\n\n\n\n<h3 class=\"wp-block-heading\"><strong>Eingebettete YouTube-Videos<\/strong><\/h3>\n\n\n\n<h4 class=\"wp-block-heading\"><strong>Art und Zweck der Verarbeitung:<\/strong><\/h4>\n\n\n\n<p>Auf einigen unserer Webseiten betten wir YouTube-Videos ein.\nBetreiber der entsprechenden Plugins ist die YouTube, LLC, 901 Cherry\nAve., San Bruno, CA 94066, USA (nachfolgend \u201eYouTube\u201c). Wenn Sie\neine Seite mit dem YouTube-Plugin besuchen, wird eine Verbindung zu\nServern von YouTube hergestellt. Dabei wird YouTube mitgeteilt,\nwelche Seiten Sie besuchen. Wenn Sie in Ihrem YouTube-Account\neingeloggt sind, kann YouTube Ihr Surfverhalten Ihnen pers\u00f6nlich\nzuzuordnen. Dies verhindern Sie, indem Sie sich vorher aus Ihrem\nYouTube-Account ausloggen.<\/p>\n\n\n\n<p>Wird ein YouTube-Video gestartet, setzt der Anbieter Cookies ein,\ndie Hinweise \u00fcber das Nutzerverhalten sammeln.<\/p>\n\n\n\n<p>Weitere Informationen zu Zweck und Umfang der Datenerhebung und\nihrer Verarbeitung durch YouTube erhalten Sie in den\nDatenschutzerkl\u00e4rungen des Anbieters, Dort erhalten Sie auch weitere\nInformationen zu Ihren diesbez\u00fcglichen Rechten und\nEinstellungsm\u00f6glichkeiten zum Schutze Ihrer Privatsph\u00e4re\n(<a href=\"https:\/\/policies.google.com\/privacy\">https:\/\/policies.google.com\/privacy<\/a>).\nGoogle verarbeitet Ihre Daten in den USA und hat sich dem EU-US\nPrivacy Shield unterworfen\nhttps:\/\/www.privacyshield.gov\/EU-US-Framework<\/p>\n\n\n\n<h4 class=\"wp-block-heading\"><strong>Rechtsgrundlage:<\/strong><\/h4>\n\n\n\n<p>Rechtsgrundlage f\u00fcr die Einbindung von YouTube und dem damit\nverbundenen Datentransfer zu Google ist Ihre Einwilligung (Art. 6\nAbs. 1 lit. a DSGVO).<\/p>\n\n\n\n<h4 class=\"wp-block-heading\"><strong>Empf\u00e4nger:<\/strong><\/h4>\n\n\n\n<p>Der Aufruf von YouTube l\u00f6st automatisch eine Verbindung zu Google\naus.<\/p>\n\n\n\n<h4 class=\"wp-block-heading\"><strong>Speicherdauer und Widerruf der Einwilligung:<\/strong><\/h4>\n\n\n\n<p>Wer das Speichern von Cookies f\u00fcr das Google-Ad-Programm\ndeaktiviert hat, wird auch beim Anschauen von YouTube-Videos mit\nkeinen solchen Cookies rechnen m\u00fcssen. YouTube legt aber auch in\nanderen Cookies nicht-personenbezogene Nutzungsinformationen ab.\nM\u00f6chten Sie dies verhindern, so m\u00fcssen Sie das Speichern von\nCookies im Browser blockieren.<\/p>\n\n\n\n<p>Weitere Informationen zum Datenschutz bei \u201eYouTube\u201c finden Sie\nin der Datenschutzerkl\u00e4rung des Anbieters unter:\n<a href=\"https:\/\/www.google.de\/intl\/de\/policies\/privacy\/\">https:\/\/www.google.de\/intl\/de\/policies\/privacy\/\n<\/a>\n<\/p>\n\n\n\n<h4 class=\"wp-block-heading\"><strong>Drittlandtransfer:<\/strong><\/h4>\n\n\n\n<p>Google verarbeitet Ihre Daten in den USA und hat sich dem EU_US\nPrivacy Shield unterworfen\n<a href=\"https:\/\/www.privacyshield.gov\/EU-US-Framework\">https:\/\/www.privacyshield.gov\/EU-US-Framework<\/a>.<\/p>\n\n\n\n<h3 class=\"wp-block-heading\"><strong>Wie lange Daten gespeichert werden<\/strong><\/h3>\n\n\n\n<p>Wenn Sie einen Kommentar schreiben, wird dieser inklusive\nMetadaten zeitlich unbegrenzt gespeichert. Auf diese Art k\u00f6nnen wir\nFolgekommentare automatisch erkennen und freigeben, anstelle sie in\neiner Moderations-Warteschlange festzuhalten.<\/p>\n\n\n\n<p>F\u00fcr Benutzer, die sich auf unserer Website registrieren,\nspeichern wir zus\u00e4tzlich die pers\u00f6nlichen Informationen, die sie in\nihren Benutzerprofilen angeben. Alle Benutzer k\u00f6nnen jederzeit ihre\npers\u00f6nlichen Informationen einsehen, ver\u00e4ndern oder l\u00f6schen (der\nBenutzername kann nicht ver\u00e4ndert werden). Administratoren der\nWebsite k\u00f6nnen diese Informationen ebenfalls einsehen und ver\u00e4ndern.<\/p>\n\n\n\n<h3 class=\"wp-block-heading\"><strong>Welche Rechte Sie an Ihren Daten haben<\/strong><\/h3>\n\n\n\n<p>Wenn Sie ein Konto auf dieser Website besitzen oder Kommentare\ngeschrieben haben, k\u00f6nnen Sie einen Export Ihrer personenbezogenen\nDaten bei uns anfordern, inklusive aller Daten, die Sie uns\nmitgeteilt haben. Dar\u00fcber hinaus k\u00f6nnen Sie die L\u00f6schung aller\npersonenbezogenen Daten, die wir von Ihnen gespeichert haben,\nanfordern. Dies umfasst nicht die Daten, die wir aufgrund\nadministrativer, rechtlicher oder sicherheitsrelevanter\nNotwendigkeiten aufbewahren m\u00fcssen.<\/p>\n\n\n\n<h3 class=\"wp-block-heading\"><strong>Wohin wir Ihre Daten senden<\/strong><\/h3>\n\n\n\n<p>Besucher-Kommentare k\u00f6nnten von einem automatisierten Dienst zur\nSpam-Erkennung untersucht werden.<\/p>\n\n\n\n<h4 class=\"wp-block-heading\"><strong>Bereitstellung vorgeschrieben oder erforderlich:<\/strong><\/h4>\n\n\n\n<p>Die Bereitstellung Ihrer personenbezogenen Daten erfolgt\nfreiwillig, allein auf Basis Ihrer Einwilligung. Sofern Sie den\nZugriff unterbinden, kann es hierdurch zu Funktionseinschr\u00e4nkungen\nauf der Website kommen.<\/p>\n\n\n\n<h3 class=\"wp-block-heading\"><strong>\u00c4nderung unserer Datenschutzbestimmungen<\/strong><\/h3>\n\n\n\n<p>Wir behalten uns vor, diese Datenschutzerkl\u00e4rung anzupassen,\ndamit sie stets den aktuellen rechtlichen Anforderungen entspricht\noder um \u00c4nderungen unserer Leistungen in der Datenschutzerkl\u00e4rung\numzusetzen, z.B. bei der Einf\u00fchrung neuer Services. F\u00fcr Ihren\nerneuten Besuch gilt dann die neue Datenschutzerkl\u00e4rung.<\/p>\n\n\n\n<h3 class=\"wp-block-heading\"><strong>Fragen an den Datenschutzbeauftragten<\/strong><\/h3>\n\n\n\n<p>Wenn Sie Fragen zum Datenschutz haben, schreiben Sie uns bitte\neine E-Mail oder wenden Sie sich direkt an die f\u00fcr den Datenschutz\nverantwortliche Person in unserer Organisation.<\/p>\n\n\n\n<p><em>Die Datenschutzerkl\u00e4rung wurde <\/em><em>u.a. <\/em><em>mit dem\n<a href=\"https:\/\/www.activemind.de\/datenschutz\/datenschutzhinweis-generator\/\" target=\"_blank\" rel=\"noreferrer noopener\">Datenschutzerkl\u00e4rungs-Generator\nder activeMind AG erstellt<\/a> (Version 2018-09-24).<\/em><\/p>\n\n\n\n<div style=\"height:100px\" aria-hidden=\"true\" class=\"wp-block-spacer\"><\/div>\n","protected":false},"excerpt":{"rendered":"<p>Der Unterricht findet in den R\u00e4umlichkeiten der Logop\u00e4die Praxis Susanne von der Ehe in der Poststra\u00dfe 10 in Seesen statt. Maria BrinckLehrerin der F.M. Alexander-TechnikBachelor of Arts in Irish Music and DanceAlbert-Schweitzer-Stra\u00dfe 1338723 Seesen kontakt@maria-brinck.de0151 75023035 Mitglied im: Bildquellen: Portrait <a href=\"https:\/\/maria-brinck.de\/?page_id=52\" class=\"more-link\">Read More<\/a><\/p>\n","protected":false},"author":2,"featured_media":0,"parent":0,"menu_order":0,"comment_status":"closed","ping_status":"closed","template":"","meta":{"footnotes":""},"class_list":["post-52","page","type-page","status-publish","hentry"],"_links":{"self":[{"href":"https:\/\/maria-brinck.de\/index.php?rest_route=\/wp\/v2\/pages\/52","targetHints":{"allow":["GET"]}}],"collection":[{"href":"https:\/\/maria-brinck.de\/index.php?rest_route=\/wp\/v2\/pages"}],"about":[{"href":"https:\/\/maria-brinck.de\/index.php?rest_route=\/wp\/v2\/types\/page"}],"author":[{"embeddable":true,"href":"https:\/\/maria-brinck.de\/index.php?rest_route=\/wp\/v2\/users\/2"}],"replies":[{"embeddable":true,"href":"https:\/\/maria-brinck.de\/index.php?rest_route=%2Fwp%2Fv2%2Fcomments&post=52"}],"version-history":[{"count":14,"href":"https:\/\/maria-brinck.de\/index.php?rest_route=\/wp\/v2\/pages\/52\/revisions"}],"predecessor-version":[{"id":631,"href":"https:\/\/maria-brinck.de\/index.php?rest_route=\/wp\/v2\/pages\/52\/revisions\/631"}],"wp:attachment":[{"href":"https:\/\/maria-brinck.de\/index.php?rest_route=%2Fwp%2Fv2%2Fmedia&parent=52"}],"curies":[{"name":"wp","href":"https:\/\/api.w.org\/{rel}","templated":true}]}}