{"id":56,"date":"2018-11-20T10:27:21","date_gmt":"2018-11-20T09:27:21","guid":{"rendered":"https:\/\/thomaswilk.com\/wordpress\/?page_id=56"},"modified":"2020-02-06T15:48:52","modified_gmt":"2020-02-06T14:48:52","slug":"unterricht-preise","status":"publish","type":"page","link":"https:\/\/maria-brinck.de\/?page_id=56","title":{"rendered":"Unterricht &#038; Preise"},"content":{"rendered":"\n<p>Im Unterricht werden die Prinzipien der Alexander-Technik <em>gelehrt.<\/em> Daher spricht man auch von Lehrer und Sch\u00fcler. Die AT ist keine Behandlung sondern leitet einen Lernprozess ein, der, je nach Interesse und Bed\u00fcrfnis des Sch\u00fclers, von unterschiedlicher Dauer ist.<br>Allgemein wird davon ausgegangen, dass 10-20 Unterrichtsstunden erforderlich sind, um einen guten Einstieg zu erhalten.<\/p>\n\n\n\n<div style=\"height:56px\" aria-hidden=\"true\" class=\"wp-block-spacer\"><\/div>\n\n\n\n<p><strong>Einzelstunde (ca. 50-60min)&nbsp;&nbsp; &#8211; 40 Euro<\/strong><\/p>\n\n\n\n<div style=\"height:61px\" aria-hidden=\"true\" class=\"wp-block-spacer\"><\/div>\n\n\n\n<figure class=\"wp-block-image\"><img loading=\"lazy\" decoding=\"async\" width=\"3000\" height=\"2003\" src=\"https:\/\/maria-brinck.de\/wp-content\/uploads\/2018\/11\/Wulf_Kiecksee_20181003_DSC_1543-3-1.jpg\" alt=\"\" class=\"wp-image-245\" srcset=\"https:\/\/maria-brinck.de\/wp-content\/uploads\/2018\/11\/Wulf_Kiecksee_20181003_DSC_1543-3-1.jpg 3000w, https:\/\/maria-brinck.de\/wp-content\/uploads\/2018\/11\/Wulf_Kiecksee_20181003_DSC_1543-3-1-300x200.jpg 300w, https:\/\/maria-brinck.de\/wp-content\/uploads\/2018\/11\/Wulf_Kiecksee_20181003_DSC_1543-3-1-768x513.jpg 768w, https:\/\/maria-brinck.de\/wp-content\/uploads\/2018\/11\/Wulf_Kiecksee_20181003_DSC_1543-3-1-1024x684.jpg 1024w\" sizes=\"auto, (max-width: 3000px) 100vw, 3000px\" \/><\/figure>\n","protected":false},"excerpt":{"rendered":"<p>Im Unterricht werden die Prinzipien der Alexander-Technik gelehrt. Daher spricht man auch von Lehrer und Sch\u00fcler. Die AT ist keine Behandlung sondern leitet einen Lernprozess ein, der, je nach Interesse und Bed\u00fcrfnis des Sch\u00fclers, von unterschiedlicher Dauer ist.Allgemein wird davon <a href=\"https:\/\/maria-brinck.de\/?page_id=56\" class=\"more-link\">Read More<\/a><\/p>\n","protected":false},"author":2,"featured_media":0,"parent":0,"menu_order":0,"comment_status":"closed","ping_status":"closed","template":"","meta":{"footnotes":""},"class_list":["post-56","page","type-page","status-publish","hentry"],"_links":{"self":[{"href":"https:\/\/maria-brinck.de\/index.php?rest_route=\/wp\/v2\/pages\/56","targetHints":{"allow":["GET"]}}],"collection":[{"href":"https:\/\/maria-brinck.de\/index.php?rest_route=\/wp\/v2\/pages"}],"about":[{"href":"https:\/\/maria-brinck.de\/index.php?rest_route=\/wp\/v2\/types\/page"}],"author":[{"embeddable":true,"href":"https:\/\/maria-brinck.de\/index.php?rest_route=\/wp\/v2\/users\/2"}],"replies":[{"embeddable":true,"href":"https:\/\/maria-brinck.de\/index.php?rest_route=%2Fwp%2Fv2%2Fcomments&post=56"}],"version-history":[{"count":6,"href":"https:\/\/maria-brinck.de\/index.php?rest_route=\/wp\/v2\/pages\/56\/revisions"}],"predecessor-version":[{"id":602,"href":"https:\/\/maria-brinck.de\/index.php?rest_route=\/wp\/v2\/pages\/56\/revisions\/602"}],"wp:attachment":[{"href":"https:\/\/maria-brinck.de\/index.php?rest_route=%2Fwp%2Fv2%2Fmedia&parent=56"}],"curies":[{"name":"wp","href":"https:\/\/api.w.org\/{rel}","templated":true}]}}